{"id":167,"date":"2021-09-17T11:42:15","date_gmt":"2021-09-17T08:42:15","guid":{"rendered":"http:\/\/kuledoviz.com.tr\/?page_id=167"},"modified":"2024-07-18T11:35:39","modified_gmt":"2024-07-18T08:35:39","slug":"167-2","status":"publish","type":"page","link":"https:\/\/kuledoviz.com.tr\/index.php\/167-2\/","title":{"rendered":"B\u0130LG\u0130 TOPLUMU H\u0130ZMETLER\u0130"},"content":{"rendered":"<div id=\"pl-167\"  class=\"panel-layout\" >\n<div id=\"pg-167-0\"  class=\"panel-grid panel-no-style\"  data-style=\"{&quot;background_image_attachment&quot;:false,&quot;background_display&quot;:&quot;tile&quot;,&quot;cell_alignment&quot;:&quot;flex-start&quot;}\"  data-ratio=\"1\"  data-ratio-direction=\"right\" >\n<div id=\"pgc-167-0-0\"  class=\"panel-grid-cell panel-grid-cell-empty\"  data-style=\"{&quot;background_image_attachment&quot;:false,&quot;background_display&quot;:&quot;tile&quot;,&quot;vertical_alignment&quot;:&quot;auto&quot;}\"  data-weight=\"0.11070824268794\" ><\/div>\n<div id=\"pgc-167-0-1\"  class=\"panel-grid-cell panel-grid-cell-mobile-last\"  data-weight=\"0.83659656756103\" >\n<div id=\"panel-167-0-1-0\" class=\"so-panel widget widget_text panel-first-child panel-last-child\" data-index=\"0\" data-style=\"{&quot;background&quot;:&quot;#000000&quot;,&quot;background_image_attachment&quot;:false,&quot;background_display&quot;:&quot;tile&quot;,&quot;font_color&quot;:&quot;#ffffff&quot;}\" >\n<div class=\"panel-widget-style panel-widget-style-for-167-0-1-0\" >\n<div class=\"textwidget\">\n<table width=\"1557\">\n<tbody>\n<tr>\n<td width=\"471\">\u015e\u0130RKET T\u00dcR\u00dc<\/td>\n<td colspan=\"2\" width=\"1086\">A.\u015e.<\/td>\n<\/tr>\n<tr>\n<td width=\"471\">MERS\u0130S<\/td>\n<td colspan=\"2\" width=\"1086\">0388003518600013<\/td>\n<\/tr>\n<tr>\n<td width=\"471\">T\u0130CARET S\u0130C\u0130L MEMURLU<\/td>\n<td colspan=\"2\" width=\"1086\">Kad\u0131k\u00f6y<\/td>\n<\/tr>\n<tr>\n<td width=\"471\">T\u0130CARET S\u0130C\u0130L NUMARASI<\/td>\n<td colspan=\"2\" width=\"1086\">6124<\/td>\n<\/tr>\n<tr>\n<td width=\"471\">T\u0130CARET \u00dcNVANI<\/td>\n<td colspan=\"2\" width=\"1086\">Kule Yetkili M\u00fcessesee A.\u015e.<\/td>\n<\/tr>\n<tr>\n<td width=\"471\">ADRES<\/td>\n<td colspan=\"2\" width=\"1086\">Merkez Mahallesi B\u00fcy\u00fckdere cad. No:33-35\/B \u015ei\u015fli \u0130stanbul<\/td>\n<\/tr>\n<tr>\n<td width=\"471\">ELEKTRON\u0130K TEBL\u0130GAT ADRES\u0130<\/td>\n<td colspan=\"2\" width=\"1086\"><\/td>\n<\/tr>\n<tr>\n<td width=\"471\">TEL<\/td>\n<td colspan=\"2\" width=\"1086\">0 212 232 29 58-59<\/td>\n<\/tr>\n<tr>\n<td width=\"471\">MA\u0130L<\/td>\n<td colspan=\"2\" width=\"1086\"><a href=\"mailto:info@kuledoviz.com.tr\">info@kuledoviz.com.tr<\/a><\/td>\n<\/tr>\n<tr>\n<td width=\"471\">TAAHH\u00dcT ED\u0130LEN SERMAYE M\u0130KTARI<\/td>\n<td colspan=\"2\" width=\"1086\">25.000.000 TL<\/td>\n<\/tr>\n<tr>\n<td width=\"471\">\u00d6DENEN SERMAYE M\u0130KTARI<\/td>\n<td colspan=\"2\" width=\"1086\">25.000.000 TL<\/td>\n<\/tr>\n<tr>\n<td width=\"471\">\u015e\u0130RKET TESC\u0130L TAR\u0130H\u0130<\/td>\n<td colspan=\"2\" width=\"1086\">08.02.2019<\/td>\n<\/tr>\n<tr>\n<td width=\"471\">VERG\u0130 DA\u0130RES\u0130<\/td>\n<td colspan=\"2\" width=\"1086\">Ka\u011f\u0131thane<\/td>\n<\/tr>\n<tr>\n<td width=\"471\">VERG\u0130 NUMARASI<\/td>\n<td colspan=\"2\" width=\"1086\">388 003 5186<\/td>\n<\/tr>\n<tr>\n<td width=\"471\">SEKT\u00d6R<\/td>\n<td colspan=\"2\" width=\"1086\">D\u00f6viz Ve K\u0131ymetli Maden Al\u0131m Sat\u0131m<\/td>\n<\/tr>\n<tr>\n<td width=\"471\">Y\u00d6NET\u0130M KURULU BA\u015eKANI<\/td>\n<td colspan=\"2\" width=\"1086\">LEVENT OVA<\/td>\n<\/tr>\n<tr>\n<td width=\"471\">GENEL M\u00dcD\u00dcR<\/td>\n<td colspan=\"2\" width=\"1086\">YASEM\u0130N AK\u00c7\u0130N<\/td>\n<\/tr>\n<tr>\n<td rowspan=\"3\" width=\"471\">DENET\u00c7\u0130<\/td>\n<td colspan=\"2\" width=\"1086\">YKY BA\u011eIMSIZ DENET\u0130M A.\u015e.<\/td>\n<\/tr>\n<tr>\n<td colspan=\"2\" width=\"1086\"><a href=\"http:\/\/www.ykyymm.com.tr\">http:\/\/ww<\/a><a href=\"http:\/\/www.ykyymm.com.tr\/\">w.ykyymm.com.tr<\/a><\/td>\n<\/tr>\n<tr>\n<td colspan=\"2\" width=\"1086\">\u00dcsk\u00fcp Caddesi No:24\/3 \u00c7ankaya \/ ANKARA<\/td>\n<\/tr>\n<tr>\n<td width=\"471\">UYUM G\u00d6REVL\u0130S\u0130<\/td>\n<td colspan=\"2\" width=\"1086\">MERAL \u00d6Z<\/td>\n<\/tr>\n<tr>\n<td width=\"471\">UYUM G\u00d6REVL\u0130S\u0130 YARDIMCISI<\/td>\n<td colspan=\"2\" width=\"1086\">AMA\u00c7 KALEL\u0130<\/td>\n<\/tr>\n<tr>\n<td><\/td>\n<td><\/td>\n<td><\/td>\n<\/tr>\n<\/tbody>\n<\/table>\n<p>&nbsp;<\/p>\n<\/div><\/div>\n<\/div>\n<\/div>\n<div id=\"pgc-167-0-2\"  class=\"panel-grid-cell panel-grid-cell-empty\"  data-weight=\"0.052695189751027\" ><\/div>\n<\/div>\n<div id=\"pg-167-1\"  class=\"panel-grid panel-no-style\"  data-style=\"{&quot;background_image_attachment&quot;:false,&quot;background_display&quot;:&quot;tile&quot;,&quot;cell_alignment&quot;:&quot;flex-start&quot;}\"  data-ratio=\"1\"  data-ratio-direction=\"right\" >\n<div id=\"pgc-167-1-0\"  class=\"panel-grid-cell panel-grid-cell-empty\"  data-style=\"{&quot;background_image_attachment&quot;:false,&quot;background_display&quot;:&quot;tile&quot;,&quot;vertical_alignment&quot;:&quot;auto&quot;}\"  data-weight=\"0.16676176890157\" ><\/div>\n<div id=\"pgc-167-1-1\"  class=\"panel-grid-cell\"  data-weight=\"0.16676176890157\" >\n<div id=\"panel-167-1-1-0\" class=\"so-panel widget widget_text panel-first-child panel-last-child\" data-index=\"1\" data-style=\"{&quot;background&quot;:&quot;#000000&quot;,&quot;background_image_attachment&quot;:false,&quot;background_display&quot;:&quot;tile&quot;,&quot;font_color&quot;:&quot;#ffffff&quot;}\" >\n<div class=\"panel-widget-style panel-widget-style-for-167-1-1-0\" >\n<div class=\"textwidget\">\n<table width=\"471\">\n<tbody>\n<tr>\n<td width=\"471\"><a href=\"http:\/\/kuledoviz.com.tr\/wp-content\/uploads\/2021\/08\/2020-Y%C4%B1l%C4%B1-Kurumlar-Bey..pdf\">KURUM BEYANNAMES\u0130<\/a><\/td>\n<\/tr>\n<\/tbody>\n<\/table>\n<\/div><\/div>\n<\/div>\n<\/div>\n<div id=\"pgc-167-1-2\"  class=\"panel-grid-cell\"  data-weight=\"0.3\" >\n<div id=\"panel-167-1-2-0\" class=\"so-panel widget widget_text panel-first-child panel-last-child\" data-index=\"2\" data-style=\"{&quot;background&quot;:&quot;#000000&quot;,&quot;background_image_attachment&quot;:false,&quot;background_display&quot;:&quot;tile&quot;,&quot;font_color&quot;:&quot;#ffffff&quot;}\" >\n<div class=\"panel-widget-style panel-widget-style-for-167-1-2-0\" >\n<div class=\"textwidget\">\n<table width=\"620\">\n<tbody>\n<tr>\n<td width=\"620\"><a href=\"http:\/\/kuledoviz.com.tr\/wp-content\/uploads\/2024\/05\/2023-VERGI-LEVHASI.pdf\">VERG\u0130 LEVHASI<\/a><\/td>\n<\/tr>\n<\/tbody>\n<\/table>\n<\/div><\/div>\n<\/div>\n<\/div>\n<div id=\"pgc-167-1-3\"  class=\"panel-grid-cell panel-grid-cell-mobile-last\"  data-weight=\"0.19971469329529\" >\n<div id=\"panel-167-1-3-0\" class=\"so-panel widget widget_text panel-first-child panel-last-child\" data-index=\"3\" data-style=\"{&quot;background&quot;:&quot;#000000&quot;,&quot;background_image_attachment&quot;:false,&quot;background_display&quot;:&quot;tile&quot;,&quot;font_color&quot;:&quot;#ffffff&quot;}\" >\n<div class=\"panel-widget-style panel-widget-style-for-167-1-3-0\" >\n<div class=\"textwidget\">\n<table width=\"466\">\n<tbody>\n<tr>\n<td width=\"466\"><a href=\"http:\/\/kuledoviz.com.tr\/wp-content\/uploads\/2021\/08\/2021-ticaret-sicil-gazetesi.jpeg\">T\u0130CARET S\u0130C\u0130L BELGES\u0130<\/a><\/td>\n<\/tr>\n<\/tbody>\n<\/table>\n<\/div><\/div>\n<\/div>\n<\/div>\n<div id=\"pgc-167-1-4\"  class=\"panel-grid-cell panel-grid-cell-empty\"  data-weight=\"0.16676176890157\" ><\/div>\n<\/div>\n<div id=\"pg-167-2\"  class=\"panel-grid panel-no-style\"  data-style=\"{&quot;background_image_attachment&quot;:false,&quot;background_display&quot;:&quot;tile&quot;,&quot;cell_alignment&quot;:&quot;flex-start&quot;}\"  data-ratio=\"1\"  data-ratio-direction=\"right\" >\n<div id=\"pgc-167-2-0\"  class=\"panel-grid-cell panel-grid-cell-empty\"  data-style=\"{&quot;background_image_attachment&quot;:false,&quot;background_display&quot;:&quot;tile&quot;,&quot;vertical_alignment&quot;:&quot;auto&quot;}\"  data-weight=\"0.16666666666667\" ><\/div>\n<div id=\"pgc-167-2-1\"  class=\"panel-grid-cell\"  data-weight=\"0.16666666666667\" >\n<div id=\"panel-167-2-1-0\" class=\"so-panel widget widget_text panel-first-child panel-last-child\" data-index=\"4\" data-style=\"{&quot;background&quot;:&quot;#000000&quot;,&quot;background_image_attachment&quot;:false,&quot;background_display&quot;:&quot;tile&quot;,&quot;font_color&quot;:&quot;#ffffff&quot;}\" >\n<div class=\"panel-widget-style panel-widget-style-for-167-2-1-0\" >\n<div class=\"textwidget\">\n<table width=\"466\">\n<tbody>\n<tr>\n<td width=\"466\"><a href=\"http:\/\/kuledoviz.com.tr\/index.php\/bagimsiz-denetim-raporlari-2\/\">BA\u011eIMSIZ DENET\u0130M RAPORU<\/a><\/td>\n<\/tr>\n<\/tbody>\n<\/table>\n<\/div><\/div>\n<\/div>\n<\/div>\n<div id=\"pgc-167-2-2\"  class=\"panel-grid-cell\"  data-weight=\"0.3\" >\n<div id=\"panel-167-2-2-0\" class=\"so-panel widget widget_text panel-first-child panel-last-child\" data-index=\"5\" data-style=\"{&quot;background&quot;:&quot;#000000&quot;,&quot;background_image_attachment&quot;:false,&quot;background_display&quot;:&quot;tile&quot;,&quot;font_color&quot;:&quot;#ffffff&quot;}\" >\n<div class=\"panel-widget-style panel-widget-style-for-167-2-2-0\" >\n<div class=\"textwidget\">\n<table width=\"620\">\n<tbody>\n<tr>\n<td width=\"620\"><a href=\"http:\/\/kuledoviz.com.tr\/wp-content\/uploads\/2021\/08\/YETK%C4%B0L%C4%B0-M%C3%9CESSESE-FAL%C4%B0YET-%C4%B0Z%C4%B0N-BELGES%C4%B0.pdf\">KIYMETL\u0130 MADENLER ARACI KURUM \u0130Z\u0130N BELGES\u0130<\/a><\/td>\n<\/tr>\n<\/tbody>\n<\/table>\n<\/div><\/div>\n<\/div>\n<\/div>\n<div id=\"pgc-167-2-3\"  class=\"panel-grid-cell panel-grid-cell-mobile-last\"  data-weight=\"0.2\" >\n<div id=\"panel-167-2-3-0\" class=\"so-panel widget widget_text panel-first-child panel-last-child\" data-index=\"6\" data-style=\"{&quot;background&quot;:&quot;#000000&quot;,&quot;background_image_attachment&quot;:false,&quot;background_display&quot;:&quot;tile&quot;,&quot;font_color&quot;:&quot;#ffffff&quot;}\" >\n<div class=\"panel-widget-style panel-widget-style-for-167-2-3-0\" >\n<div class=\"textwidget\">\n<table width=\"471\">\n<tbody>\n<tr>\n<td width=\"471\"><a href=\"http:\/\/kuledoviz.com.tr\/wp-content\/uploads\/2021\/06\/SERMAYE-ARTTIRIMI-GAZETE-21.06.2021.pdf\">SERMAYE ARTTIRIM GAZETES\u0130<\/a><\/td>\n<\/tr>\n<\/tbody>\n<\/table>\n<\/div><\/div>\n<\/div>\n<\/div>\n<div id=\"pgc-167-2-4\"  class=\"panel-grid-cell panel-grid-cell-empty\"  data-weight=\"0.16666666666667\" ><\/div>\n<\/div>\n<div id=\"pg-167-3\"  class=\"panel-grid panel-no-style\"  data-style=\"{&quot;background_image_attachment&quot;:false,&quot;background_display&quot;:&quot;tile&quot;,&quot;cell_alignment&quot;:&quot;flex-start&quot;}\"  data-ratio=\"1\"  data-ratio-direction=\"right\" >\n<div id=\"pgc-167-3-0\"  class=\"panel-grid-cell panel-grid-cell-empty\"  data-style=\"{&quot;background_image_attachment&quot;:false,&quot;background_display&quot;:&quot;tile&quot;,&quot;vertical_alignment&quot;:&quot;auto&quot;}\"  data-weight=\"0.167\" ><\/div>\n<div id=\"pgc-167-3-1\"  class=\"panel-grid-cell\"  data-weight=\"0.167\" >\n<div id=\"panel-167-3-1-0\" class=\"so-panel widget widget_text panel-first-child\" data-index=\"7\" data-style=\"{&quot;background&quot;:&quot;#000000&quot;,&quot;background_image_attachment&quot;:false,&quot;background_display&quot;:&quot;tile&quot;,&quot;font_color&quot;:&quot;#ffffff&quot;}\" >\n<div class=\"panel-widget-style panel-widget-style-for-167-3-1-0\" >\n<div class=\"textwidget\">\n<table width=\"471\">\n<tbody>\n<tr>\n<td width=\"471\"><a href=\"http:\/\/kuledoviz.com.tr\/wp-content\/uploads\/2022\/06\/FALI\u0307YET-BELGESI\u0307-27.04.2022.pdf\">FAAL\u0130YET BELGES\u0130 27.04.2022\u00a0<\/a><\/p>\n<p><a href=\"http:\/\/kuledoviz.com.tr\/wp-content\/uploads\/2022\/11\/6124_8_Faaliyet_Belgesi_4018325.pdf\">FAAL\u0130YET BELGES\u0130 16.09.2022<\/a><\/p>\n<p><a href=\"http:\/\/kuledoviz.com.tr\/wp-content\/uploads\/2022\/12\/6124_8_Faaliyet_Belgesi_4247412.pdf\">FAAL\u0130YET BELGES\u0130 05.12.2022<\/a><\/p>\n<p><a href=\"http:\/\/kuledoviz.com.tr\/wp-content\/uploads\/2023\/06\/29032023-faaliyet-belgesi.pdf\">FAAL\u0130YET BELGES\u0130 29.03.2023<\/a><\/p>\n<p><a href=\"http:\/\/kuledoviz.com.tr\/wp-content\/uploads\/2023\/06\/6124_8_Faaliyet_Belgesi-15.06.2023.pdf\">FAAL\u0130YET BELGES\u0130 15.06.2023<\/a><\/p>\n<p><a href=\"http:\/\/kuledoviz.com.tr\/wp-content\/uploads\/2024\/05\/kule-doviz-faaliyet-2024_240116_161136.pdf\">FAAL\u0130YET BELGES\u0130 11.01.2024<\/a><\/p>\n<p>&nbsp;<\/p>\n<p>&nbsp;<\/td>\n<\/tr>\n<\/tbody>\n<\/table>\n<\/div><\/div>\n<\/div>\n<div id=\"panel-167-3-1-1\" class=\"so-panel widget widget_text panel-last-child\" data-index=\"8\" data-style=\"{&quot;background&quot;:&quot;#000000&quot;,&quot;background_image_attachment&quot;:false,&quot;background_display&quot;:&quot;tile&quot;,&quot;font_color&quot;:&quot;#ffffff&quot;}\" >\n<div class=\"panel-widget-style panel-widget-style-for-167-3-1-1\" >\n<div class=\"textwidget\">\n<table width=\"471\">\n<tbody>\n<tr>\n<td width=\"471\"><a href=\"http:\/\/kuledoviz.com.tr\/wp-content\/uploads\/2022\/06\/FALI\u0307YET-BELGESI\u0307-27.04.2022.pdf\">FAAL\u0130YET BELGES\u0130 27.04.2022\u00a0<\/a><\/p>\n<p><a href=\"http:\/\/kuledoviz.com.tr\/wp-content\/uploads\/2022\/11\/6124_8_Faaliyet_Belgesi_4018325.pdf\">FAAL\u0130YET BELGES\u0130 16.09.2022<\/a><\/p>\n<p><a href=\"http:\/\/kuledoviz.com.tr\/wp-content\/uploads\/2022\/12\/6124_8_Faaliyet_Belgesi_4247412.pdf\">FAAL\u0130YET BELGES\u0130 05.12.2022<\/a><\/p>\n<p><a href=\"http:\/\/kuledoviz.com.tr\/wp-content\/uploads\/2023\/06\/29032023-faaliyet-belgesi.pdf\">FAAL\u0130YET BELGES\u0130 29.03.2023<\/a><\/p>\n<p><a href=\"http:\/\/kuledoviz.com.tr\/wp-content\/uploads\/2023\/06\/6124_8_Faaliyet_Belgesi-15.06.2023.pdf\">FAAL\u0130YET BELGES\u0130 15.06.2023<\/a><\/p>\n<p><a href=\"http:\/\/kuledoviz.com.tr\/wp-content\/uploads\/2024\/05\/kule-doviz-faaliyet-2024_240116_161136.pdf\">FAAL\u0130YET BELGES\u0130 11.01.2024<\/a><\/p>\n<p><a href=\"http:\/\/kuledoviz.com.tr\/wp-content\/uploads\/2024\/07\/FAALIYET-BELGESI-08.07.2024.pdf\">FAAL\u0130YET BELGES\u0130 08.07.2024<\/a><\/p>\n<p>&nbsp;<\/p>\n<p>&nbsp;<\/td>\n<\/tr>\n<\/tbody>\n<\/table>\n<\/div><\/div>\n<\/div>\n<\/div>\n<div id=\"pgc-167-3-2\"  class=\"panel-grid-cell\"  data-weight=\"0.3\" >\n<div id=\"panel-167-3-2-0\" class=\"so-panel widget widget_text panel-first-child\" data-index=\"9\" data-style=\"{&quot;background&quot;:&quot;#000000&quot;,&quot;background_image_attachment&quot;:false,&quot;background_display&quot;:&quot;tile&quot;,&quot;font_color&quot;:&quot;#ffffff&quot;}\" >\n<div class=\"panel-widget-style panel-widget-style-for-167-3-2-0\" >\n<div class=\"textwidget\">\n<table width=\"471\">\n<tbody>\n<tr>\n<td width=\"471\"><a href=\"http:\/\/kuledoviz.com.tr\/wp-content\/uploads\/2022\/11\/SERMAYE-ARTTIRIMI-.pdf.pdf\">SERMAYE ARTTIRIM GAZETES\u0130 03.11.2022<\/a><\/td>\n<\/tr>\n<\/tbody>\n<\/table>\n<\/div><\/div>\n<\/div>\n<div id=\"panel-167-3-2-1\" class=\"so-panel widget widget_text panel-last-child\" data-index=\"10\" data-style=\"{&quot;background&quot;:&quot;#000000&quot;,&quot;background_image_attachment&quot;:false,&quot;background_display&quot;:&quot;tile&quot;,&quot;font_color&quot;:&quot;#ffffff&quot;}\" >\n<div class=\"panel-widget-style panel-widget-style-for-167-3-2-1\" >\n<div class=\"textwidget\">\n<table width=\"471\">\n<tbody>\n<tr>\n<td width=\"471\"><a href=\"http:\/\/kuledoviz.com.tr\/wp-content\/uploads\/2024\/07\/28.12.2023-tarihli-sermaye-arttrim-gazetesi.pdf\">SERMAYE ARTTIRIM GAZETES\u0130 28.12.2023<\/a><\/td>\n<\/tr>\n<\/tbody>\n<\/table>\n<\/div><\/div>\n<\/div>\n<\/div>\n<div id=\"pgc-167-3-3\"  class=\"panel-grid-cell panel-grid-cell-empty panel-grid-cell-mobile-last\"  data-weight=\"0.19945504087193\" ><\/div>\n<div id=\"pgc-167-3-4\"  class=\"panel-grid-cell panel-grid-cell-empty\"  data-weight=\"0.16654495912807\" ><\/div>\n<\/div>\n<\/div>\n","protected":false},"excerpt":{"rendered":"<p>\u015e\u0130RKET T\u00dcR\u00dc A.\u015e. MERS\u0130S 0388003518600013 T\u0130CARET S\u0130C\u0130L MEMURLU Kad\u0131k\u00f6y T\u0130CARET S\u0130C\u0130L NUMARASI 6124 T\u0130CARET \u00dcNVANI Kule Yetkili M\u00fcessesee A.\u015e. ADRES Merkez Mahallesi B\u00fcy\u00fckdere cad. No:33-35\/B \u015ei\u015fli \u0130stanbul ELEKTRON\u0130K TEBL\u0130GAT ADRES\u0130 TEL 0 212 232 29 58-59 MA\u0130L info@kuledoviz.com.tr TAAHH\u00dcT ED\u0130LEN SERMAYE M\u0130KTARI 25.000.000 TL \u00d6DENEN SERMAYE M\u0130KTARI 25.000.000 TL \u015e\u0130RKET [&hellip;]<\/p>\n","protected":false},"author":1,"featured_media":23,"parent":0,"menu_order":0,"comment_status":"closed","ping_status":"closed","template":"page-templates\/template-pagebuilder-full-width.php","meta":{"footnotes":""},"class_list":["post-167","page","type-page","status-publish","has-post-thumbnail","hentry"],"_links":{"self":[{"href":"https:\/\/kuledoviz.com.tr\/index.php\/wp-json\/wp\/v2\/pages\/167","targetHints":{"allow":["GET"]}}],"collection":[{"href":"https:\/\/kuledoviz.com.tr\/index.php\/wp-json\/wp\/v2\/pages"}],"about":[{"href":"https:\/\/kuledoviz.com.tr\/index.php\/wp-json\/wp\/v2\/types\/page"}],"author":[{"embeddable":true,"href":"https:\/\/kuledoviz.com.tr\/index.php\/wp-json\/wp\/v2\/users\/1"}],"replies":[{"embeddable":true,"href":"https:\/\/kuledoviz.com.tr\/index.php\/wp-json\/wp\/v2\/comments?post=167"}],"version-history":[{"count":102,"href":"https:\/\/kuledoviz.com.tr\/index.php\/wp-json\/wp\/v2\/pages\/167\/revisions"}],"predecessor-version":[{"id":391,"href":"https:\/\/kuledoviz.com.tr\/index.php\/wp-json\/wp\/v2\/pages\/167\/revisions\/391"}],"wp:featuredmedia":[{"embeddable":true,"href":"https:\/\/kuledoviz.com.tr\/index.php\/wp-json\/wp\/v2\/media\/23"}],"wp:attachment":[{"href":"https:\/\/kuledoviz.com.tr\/index.php\/wp-json\/wp\/v2\/media?parent=167"}],"curies":[{"name":"wp","href":"https:\/\/api.w.org\/{rel}","templated":true}]}}