{"id":249,"date":"2021-09-17T14:58:16","date_gmt":"2021-09-17T11:58:16","guid":{"rendered":"http:\/\/kuledoviz.com.tr\/?page_id=249"},"modified":"2025-08-28T15:14:50","modified_gmt":"2025-08-28T12:14:50","slug":"bagimsiz-denetim-raporlari-2","status":"publish","type":"page","link":"https:\/\/kuledoviz.com.tr\/index.php\/bagimsiz-denetim-raporlari-2\/","title":{"rendered":"Ba\u011f\u0131ms\u0131z Denetim Raporlar\u0131"},"content":{"rendered":"<div id=\"pl-249\" class=\"panel-layout\">\n<div id=\"pg-249-0\" class=\"panel-grid panel-no-style\" data-style=\"{&quot;background_image_attachment&quot;:false,&quot;background_display&quot;:&quot;tile&quot;,&quot;cell_alignment&quot;:&quot;flex-start&quot;}\" data-ratio=\"1\" data-ratio-direction=\"right\">\n<div id=\"pgc-249-0-0\" class=\"panel-grid-cell panel-grid-cell-empty\" data-weight=\"0.2\"><\/div>\n<div id=\"pgc-249-0-1\" class=\"panel-grid-cell\" data-weight=\"0.2\">\n<div id=\"panel-249-0-1-0\" class=\"so-panel widget widget_text panel-first-child panel-last-child\" data-index=\"0\" data-style=\"{&quot;background&quot;:&quot;#000000&quot;,&quot;background_image_attachment&quot;:false,&quot;background_display&quot;:&quot;tile&quot;,&quot;font_color&quot;:&quot;#ffffff&quot;}\">\n<div class=\"panel-widget-style panel-widget-style-for-249-0-1-0\">\n<div class=\"textwidget\">\n<table width=\"471\">\n<tbody>\n<tr>\n<td width=\"471\"><a href=\"http:\/\/kuledoviz.com.tr\/wp-content\/uploads\/2019\/10\/Kule-D%C3%B6viz-2014-Y%C4%B1l%C4%B1-Ba%C4%9F%C4%B1ms%C4%B1z-Denetim-Raporu.pdf\">Kule D\u00f6viz 2014 Ba\u011f\u0131ms\u0131z Denetim Raporu<\/a><\/td>\n<\/tr>\n<\/tbody>\n<\/table>\n<\/div>\n<\/div>\n<\/div>\n<\/div>\n<div id=\"pgc-249-0-2\" class=\"panel-grid-cell\" data-weight=\"0.2\">\n<div id=\"panel-249-0-2-0\" class=\"so-panel widget widget_text panel-first-child panel-last-child\" data-index=\"1\" data-style=\"{&quot;background&quot;:&quot;#000000&quot;,&quot;background_image_attachment&quot;:false,&quot;background_display&quot;:&quot;tile&quot;,&quot;font_color&quot;:&quot;#ffffff&quot;}\">\n<div class=\"panel-widget-style panel-widget-style-for-249-0-2-0\">\n<div class=\"textwidget\">\n<table width=\"471\">\n<tbody>\n<tr>\n<td width=\"471\"><a href=\"http:\/\/kuledoviz.com.tr\/wp-content\/uploads\/2019\/10\/Kule-D%C3%B6viz-2015-Y%C4%B1l%C4%B1-Ba%C4%9F%C4%B1ms%C4%B1z-Denetim-Raporu.pdf\">Kule D\u00f6viz 2015 Ba\u011f\u0131ms\u0131z Denetim Raporu<\/a><\/td>\n<\/tr>\n<\/tbody>\n<\/table>\n<\/div>\n<\/div>\n<\/div>\n<\/div>\n<div id=\"pgc-249-0-3\" class=\"panel-grid-cell panel-grid-cell-mobile-last\" data-weight=\"0.2\">\n<div id=\"panel-249-0-3-0\" class=\"so-panel widget widget_text panel-first-child panel-last-child\" data-index=\"2\" data-style=\"{&quot;background&quot;:&quot;#000000&quot;,&quot;background_image_attachment&quot;:false,&quot;background_display&quot;:&quot;tile&quot;,&quot;font_color&quot;:&quot;#ffffff&quot;}\">\n<div class=\"panel-widget-style panel-widget-style-for-249-0-3-0\">\n<div class=\"textwidget\">\n<table width=\"471\">\n<tbody>\n<tr>\n<td width=\"471\"><a href=\"http:\/\/kuledoviz.com.tr\/wp-content\/uploads\/2019\/10\/Kule-D%C3%B6viz-2016-Y%C4%B1l%C4%B1-Ba%C4%9F%C4%B1ms%C4%B1z-Denetim-Raporu-1.pdf\">Kule D\u00f6viz 2016 Ba\u011f\u0131ms\u0131z Denetim Raporu<\/a><\/td>\n<\/tr>\n<\/tbody>\n<\/table>\n<\/div>\n<\/div>\n<\/div>\n<\/div>\n<div id=\"pgc-249-0-4\" class=\"panel-grid-cell panel-grid-cell-empty\" data-weight=\"0.2\"><\/div>\n<\/div>\n<div id=\"pg-249-1\" class=\"panel-grid panel-no-style\" data-style=\"{&quot;background_image_attachment&quot;:false,&quot;background_display&quot;:&quot;tile&quot;,&quot;cell_alignment&quot;:&quot;flex-start&quot;}\" data-ratio=\"1\" data-ratio-direction=\"right\">\n<div id=\"pgc-249-1-0\" class=\"panel-grid-cell panel-grid-cell-empty\" data-weight=\"0.2\"><\/div>\n<div id=\"pgc-249-1-1\" class=\"panel-grid-cell\" data-weight=\"0.2\">\n<div id=\"panel-249-1-1-0\" class=\"so-panel widget widget_text panel-first-child panel-last-child\" data-index=\"3\" data-style=\"{&quot;background&quot;:&quot;#000000&quot;,&quot;background_image_attachment&quot;:false,&quot;background_display&quot;:&quot;tile&quot;,&quot;font_color&quot;:&quot;#ffffff&quot;}\">\n<div class=\"panel-widget-style panel-widget-style-for-249-1-1-0\">\n<div class=\"textwidget\">\n<table width=\"471\">\n<tbody>\n<tr>\n<td width=\"471\"><a href=\"http:\/\/kuledoviz.com.tr\/wp-content\/uploads\/2019\/10\/Kule-D%C3%B6viz-2017-Y%C4%B1l%C4%B1-Ba%C4%9F%C4%B1ms%C4%B1z-Denetim-Raporu.pdf\">Kule D\u00f6viz 2017 Ba\u011f\u0131ms\u0131z Denetim Raporu<\/a><\/td>\n<\/tr>\n<\/tbody>\n<\/table>\n<\/div>\n<\/div>\n<\/div>\n<\/div>\n<div id=\"pgc-249-1-2\" class=\"panel-grid-cell\" data-weight=\"0.2\">\n<div id=\"panel-249-1-2-0\" class=\"so-panel widget widget_text panel-first-child panel-last-child\" data-index=\"4\" data-style=\"{&quot;background&quot;:&quot;#000000&quot;,&quot;background_image_attachment&quot;:false,&quot;background_display&quot;:&quot;tile&quot;,&quot;font_color&quot;:&quot;#ffffff&quot;}\">\n<div class=\"panel-widget-style panel-widget-style-for-249-1-2-0\">\n<div class=\"textwidget\">\n<table width=\"471\">\n<tbody>\n<tr>\n<td width=\"471\"><a href=\"http:\/\/kuledoviz.com.tr\/wp-content\/uploads\/2020\/10\/Kule-D%C3%B6viz-2019-Y%C4%B1l%C4%B1-Ba%C4%9F%C4%B1ms%C4%B1z-Denetim-Raporu.pdf\">Kule D\u00f6viz 2018 Ba\u011f\u0131ms\u0131z Denetim Raporu<\/a><\/td>\n<\/tr>\n<\/tbody>\n<\/table>\n<\/div>\n<\/div>\n<\/div>\n<\/div>\n<div id=\"pgc-249-1-3\" class=\"panel-grid-cell panel-grid-cell-mobile-last\" data-weight=\"0.2\">\n<div id=\"panel-249-1-3-0\" class=\"so-panel widget widget_text panel-first-child panel-last-child\" data-index=\"5\" data-style=\"{&quot;background&quot;:&quot;#000000&quot;,&quot;background_image_attachment&quot;:false,&quot;background_display&quot;:&quot;tile&quot;,&quot;font_color&quot;:&quot;#ffffff&quot;}\">\n<div class=\"panel-widget-style panel-widget-style-for-249-1-3-0\">\n<div class=\"textwidget\">\n<table width=\"471\">\n<tbody>\n<tr>\n<td width=\"471\"><a href=\"http:\/\/kuledoviz.com.tr\/wp-content\/uploads\/2020\/10\/Kule-D%C3%B6viz-2019-Y%C4%B1l%C4%B1-Ba%C4%9F%C4%B1ms%C4%B1z-Denetim-Raporu.pdf\">Kule D\u00f6viz 2019 Ba\u011f\u0131ms\u0131z Denetim Raporu<\/a><\/td>\n<\/tr>\n<\/tbody>\n<\/table>\n<\/div>\n<\/div>\n<\/div>\n<\/div>\n<div id=\"pgc-249-1-4\" class=\"panel-grid-cell panel-grid-cell-empty\" data-weight=\"0.2\"><\/div>\n<\/div>\n<div id=\"pg-249-2\" class=\"panel-grid panel-no-style\" data-style=\"{&quot;background_image_attachment&quot;:false,&quot;background_display&quot;:&quot;tile&quot;,&quot;cell_alignment&quot;:&quot;flex-start&quot;}\" data-ratio=\"1\" data-ratio-direction=\"right\">\n<div id=\"pgc-249-2-0\" class=\"panel-grid-cell panel-grid-cell-empty\" data-weight=\"0.2\"><\/div>\n<div id=\"pgc-249-2-1\" class=\"panel-grid-cell\" data-weight=\"0.2\">\n<div id=\"panel-249-2-1-0\" class=\"so-panel widget widget_text panel-first-child panel-last-child\" data-index=\"6\" data-style=\"{&quot;background&quot;:&quot;#000000&quot;,&quot;background_image_attachment&quot;:false,&quot;background_display&quot;:&quot;tile&quot;,&quot;font_color&quot;:&quot;#ffffff&quot;}\">\n<div class=\"panel-widget-style panel-widget-style-for-249-2-1-0\">\n<div class=\"textwidget\">\n<table width=\"471\">\n<tbody>\n<tr>\n<td width=\"471\"><a href=\"http:\/\/kuledoviz.com.tr\/wp-content\/uploads\/2021\/06\/Kule-D%C3%B6viz-2020-Y%C4%B1l%C4%B1-Ba%C4%9F%C4%B1ms%C4%B1z-Denetim-Raporu.pdf\">Kule D\u00f6viz 2020 Ba\u011f\u0131ms\u0131z Denetim Raporu<\/a><\/td>\n<\/tr>\n<\/tbody>\n<\/table>\n<\/div>\n<\/div>\n<\/div>\n<\/div>\n<div id=\"pgc-249-2-2\" class=\"panel-grid-cell\" data-weight=\"0.2\">\n<div id=\"panel-249-2-2-0\" class=\"so-panel widget widget_text panel-first-child panel-last-child\" data-index=\"7\" data-style=\"{&quot;background&quot;:&quot;#000000&quot;,&quot;background_image_attachment&quot;:false,&quot;background_display&quot;:&quot;tile&quot;}\">\n<div class=\"panel-widget-style panel-widget-style-for-249-2-2-0\">\n<div class=\"textwidget\">\n<table width=\"471\">\n<tbody>\n<tr>\n<td width=\"471\"><a href=\"http:\/\/kuledoviz.com.tr\/wp-content\/uploads\/2022\/06\/Kule-Yetkili-M\u00fcessese-2021-BD-Raporu.pdf\">Kule D\u00f6viz 2021 Ba\u011f\u0131ms\u0131z Denetim Raporu<\/a><\/td>\n<\/tr>\n<\/tbody>\n<\/table>\n<\/div>\n<\/div>\n<\/div>\n<\/div>\n<div id=\"pgc-249-2-3\" class=\"panel-grid-cell panel-grid-cell-mobile-last\" data-weight=\"0.2\">\n<div id=\"panel-249-2-3-0\" class=\"so-panel widget widget_text panel-first-child panel-last-child\" data-index=\"8\" data-style=\"{&quot;background&quot;:&quot;#000000&quot;,&quot;background_image_attachment&quot;:false,&quot;background_display&quot;:&quot;tile&quot;}\">\n<div class=\"panel-widget-style panel-widget-style-for-249-2-3-0\">\n<div class=\"textwidget\">\n<table width=\"471\">\n<tbody>\n<tr>\n<td width=\"471\"><a href=\"http:\/\/kuledoviz.com.tr\/wp-content\/uploads\/2022\/06\/Kule-2021-Ba\u011f\u0131ms\u0131z-G\u00fcvence-Raporu.pdf\">Kule D\u00f6viz 2021 Ba\u011f\u0131ms\u0131z G\u00fcvence Denetim Raporu<\/a><\/td>\n<\/tr>\n<\/tbody>\n<\/table>\n<\/div>\n<\/div>\n<\/div>\n<\/div>\n<div id=\"pgc-249-2-4\" class=\"panel-grid-cell panel-grid-cell-empty\" data-weight=\"0.2\"><\/div>\n<\/div>\n<div id=\"pg-249-3\" class=\"panel-grid panel-no-style\" data-style=\"{&quot;background_image_attachment&quot;:false,&quot;background_display&quot;:&quot;tile&quot;,&quot;cell_alignment&quot;:&quot;flex-start&quot;}\" data-ratio=\"1\" data-ratio-direction=\"right\">\n<div id=\"pgc-249-3-0\" class=\"panel-grid-cell panel-grid-cell-empty\" data-weight=\"0.2\"><\/div>\n<div id=\"pgc-249-3-1\" class=\"panel-grid-cell\" data-weight=\"0.2\">\n<div id=\"panel-249-3-1-0\" class=\"so-panel widget widget_text panel-first-child\" data-index=\"9\" data-style=\"{&quot;background&quot;:&quot;#000000&quot;,&quot;background_image_attachment&quot;:false,&quot;background_display&quot;:&quot;tile&quot;,&quot;font_color&quot;:&quot;#ffffff&quot;}\">\n<div class=\"panel-widget-style panel-widget-style-for-249-3-1-0\">\n<div class=\"textwidget\">\n<table width=\"471\">\n<tbody>\n<tr>\n<td width=\"471\"><a href=\"http:\/\/kuledoviz.com.tr\/wp-content\/uploads\/2022\/06\/TEDAR\u0130K-Z\u0130NC\u0130R\u0130-UYUM-RAPORU.pdf\">Kule D\u00f6viz 2021 Tedarik Zinciri Uyum Raporu<\/a><\/td>\n<\/tr>\n<\/tbody>\n<\/table>\n<\/div>\n<\/div>\n<\/div>\n<div id=\"panel-249-3-1-1\" class=\"so-panel widget widget_text panel-last-child\" data-index=\"10\" data-style=\"{&quot;background&quot;:&quot;#000000&quot;,&quot;background_image_attachment&quot;:false,&quot;background_display&quot;:&quot;tile&quot;}\">\n<div class=\"panel-widget-style panel-widget-style-for-249-3-1-1\">\n<div class=\"textwidget\">\n<table width=\"471\">\n<tbody>\n<tr>\n<td width=\"471\"><a href=\"http:\/\/kuledoviz.com.tr\/wp-content\/uploads\/2023\/07\/Kule-2022-BD-Raporu.pdf\">Kule D\u00f6viz 2022 Ba\u011f\u0131ms\u0131z Denetim Raporu<\/a><\/td>\n<\/tr>\n<\/tbody>\n<\/table>\n<\/div>\n<\/div>\n<\/div>\n<\/div>\n<div id=\"pgc-249-3-2\" class=\"panel-grid-cell\" data-weight=\"0.2\">\n<div id=\"panel-249-3-2-0\" class=\"so-panel widget widget_text panel-first-child\" data-index=\"11\" data-style=\"{&quot;background&quot;:&quot;#000000&quot;,&quot;background_image_attachment&quot;:false,&quot;background_display&quot;:&quot;tile&quot;,&quot;font_color&quot;:&quot;#ffffff&quot;}\">\n<div class=\"panel-widget-style panel-widget-style-for-249-3-2-0\">\n<table width=\"471\">\n<tbody>\n<tr>\n<td width=\"471\"><a href=\"http:\/\/kuledoviz.com.tr\/wp-content\/uploads\/2023\/06\/2022-UYUM-RAPORU.pdf\">Kule D\u00f6viz 2022 Tedarik Zinciri Uyum Raporu<\/a><\/td>\n<\/tr>\n<\/tbody>\n<\/table>\n<\/div>\n<\/div>\n<div id=\"panel-249-3-2-1\" class=\"so-panel widget widget_text panel-last-child\" data-index=\"12\" data-style=\"{&quot;background&quot;:&quot;#000000&quot;,&quot;background_image_attachment&quot;:false,&quot;background_display&quot;:&quot;tile&quot;,&quot;font_color&quot;:&quot;#ffffff&quot;}\">\n<div class=\"panel-widget-style panel-widget-style-for-249-3-2-1\">\n<div class=\"textwidget\">\n<table width=\"471\">\n<tbody>\n<tr>\n<td width=\"471\"><a href=\"http:\/\/kuledoviz.com.tr\/wp-content\/uploads\/2024\/07\/2023-YILI-TEDARIK-ZINCIRI-UYUM-RAPORU.pdf\">Kule D\u00f6viz 2023 Tedarik Zinciri Uyum Raporu<\/a><\/td>\n<\/tr>\n<\/tbody>\n<\/table>\n<\/div>\n<\/div>\n<\/div>\n<\/div>\n<div id=\"panel-249-3-3-1\" class=\"so-panel widget widget_text\" data-index=\"14\" data-style=\"{&quot;background&quot;:&quot;#000000&quot;,&quot;background_image_attachment&quot;:false,&quot;background_display&quot;:&quot;tile&quot;}\">\n<div class=\"panel-widget-style panel-widget-style-for-249-3-3-1\">\n<div class=\"textwidget\">\n<table width=\"471\">\n<tbody>\n<tr>\n<td width=\"471\"><a href=\"http:\/\/kuledoviz.com.tr\/wp-content\/uploads\/2023\/06\/Kule-2022-Sorumlu-Tedarik-Zinciri-BD-Gorusu-1.pdf\">Kule D\u00f6viz 2022 Ba\u011f\u0131ms\u0131z G\u00fcvence Denetim Raporu<\/a><\/td>\n<\/tr>\n<\/tbody>\n<\/table>\n<\/div>\n<\/div>\n<\/div>\n<div id=\"panel-249-3-3-1\" class=\"so-panel widget widget_text\" data-index=\"14\" data-style=\"{&quot;background&quot;:&quot;#000000&quot;,&quot;background_image_attachment&quot;:false,&quot;background_display&quot;:&quot;tile&quot;}\">\n<div class=\"panel-widget-style panel-widget-style-for-249-3-3-1\">\n<div class=\"textwidget\">\n<table width=\"471\">\n<tbody>\n<tr>\n<td width=\"471\"><a href=\"http:\/\/kuledoviz.com.tr\/wp-content\/uploads\/2024\/07\/Kule-Yetkili-2023-Bagimsiz-Denetim-Raporu.pdf\">Kule D\u00f6viz 2023 Ba\u011f\u0131ms\u0131z G\u00fcvence Denetim Raporu<\/a><\/td>\n<\/tr>\n<\/tbody>\n<\/table>\n<\/div>\n<\/div>\n<\/div>\n<div id=\"panel-249-3-3-2\" class=\"so-panel widget widget_text panel-last-child\" data-index=\"15\" data-style=\"{&quot;background&quot;:&quot;#000000&quot;,&quot;background_image_attachment&quot;:false,&quot;background_display&quot;:&quot;tile&quot;}\">\n<div class=\"panel-widget-style panel-widget-style-for-249-3-3-2\">\n<div class=\"textwidget\">\n<table width=\"470\" height=\"33\">\n<tbody>\n<tr>\n<td width=\"471\"><a href=\"http:\/\/kuledoviz.com.tr\/wp-content\/uploads\/2025\/08\/Kule-31.12.2024-Bag\u0306imsiz-Gu\u0308vence-Raporu-Denetc\u0327i-Go\u0308ru\u0308s\u0327u\u0308-ve-Ekleri-Gu\u0308ncel.pdf\">Kule D\u00f6viz 2024 Ba\u011f\u0131ms\u0131z G\u00fcvence Denetim Raporu<\/a><\/td>\n<\/tr>\n<\/tbody>\n<\/table>\n<\/div>\n<\/div>\n<\/div>\n<\/div>\n<\/div>\n<div data-weight=\"0.2\"><\/div>\n<div data-weight=\"0.2\"><\/div>\n<div id=\"pl-249\" class=\"panel-layout\">\n<div data-weight=\"0.2\"><\/div>\n<\/div>\n<div id=\"panel-249-3-3-2\" class=\"so-panel widget widget_text panel-last-child\" data-index=\"15\" data-style=\"{&quot;background&quot;:&quot;#000000&quot;,&quot;background_image_attachment&quot;:false,&quot;background_display&quot;:&quot;tile&quot;}\">\n<div class=\"panel-widget-style panel-widget-style-for-249-3-3-2\">\n<div class=\"textwidget\">\n<table width=\"470\" height=\"33\">\n<tbody>\n<tr>\n<td width=\"471\"><a href=\"http:\/\/kuledoviz.com.tr\/wp-content\/uploads\/2025\/07\/Kule-Yetkili-A.S.-31.12.2024-TFRS-Rapor.pdf\">Kule D\u00f6viz 2024 Tedarik Zinciri Uyum Raporu<\/a><\/td>\n<\/tr>\n<\/tbody>\n<\/table>\n<\/div>\n<\/div>\n<\/div>\n<div data-weight=\"0.2\"><\/div>\n<div data-weight=\"0.2\"><\/div>\n<div id=\"pl-249\" class=\"panel-layout\">\n<div data-weight=\"0.2\"><\/div>\n<\/div>\n\n\n<p><\/p>\n","protected":false},"excerpt":{"rendered":"<p>Kule D\u00f6viz 2014 Ba\u011f\u0131ms\u0131z Denetim Raporu Kule D\u00f6viz 2015 Ba\u011f\u0131ms\u0131z Denetim Raporu Kule D\u00f6viz 2016 Ba\u011f\u0131ms\u0131z Denetim Raporu Kule D\u00f6viz 2017 Ba\u011f\u0131ms\u0131z Denetim Raporu Kule D\u00f6viz 2018 Ba\u011f\u0131ms\u0131z Denetim Raporu Kule D\u00f6viz 2019 Ba\u011f\u0131ms\u0131z Denetim Raporu Kule D\u00f6viz 2020 Ba\u011f\u0131ms\u0131z Denetim Raporu Kule D\u00f6viz 2021 Ba\u011f\u0131ms\u0131z Denetim Raporu Kule D\u00f6viz [&hellip;]<\/p>\n","protected":false},"author":1,"featured_media":0,"parent":0,"menu_order":0,"comment_status":"closed","ping_status":"closed","template":"page-templates\/template-pagebuilder-full-width.php","meta":{"footnotes":""},"class_list":["post-249","page","type-page","status-publish","hentry"],"_links":{"self":[{"href":"https:\/\/kuledoviz.com.tr\/index.php\/wp-json\/wp\/v2\/pages\/249","targetHints":{"allow":["GET"]}}],"collection":[{"href":"https:\/\/kuledoviz.com.tr\/index.php\/wp-json\/wp\/v2\/pages"}],"about":[{"href":"https:\/\/kuledoviz.com.tr\/index.php\/wp-json\/wp\/v2\/types\/page"}],"author":[{"embeddable":true,"href":"https:\/\/kuledoviz.com.tr\/index.php\/wp-json\/wp\/v2\/users\/1"}],"replies":[{"embeddable":true,"href":"https:\/\/kuledoviz.com.tr\/index.php\/wp-json\/wp\/v2\/comments?post=249"}],"version-history":[{"count":30,"href":"https:\/\/kuledoviz.com.tr\/index.php\/wp-json\/wp\/v2\/pages\/249\/revisions"}],"predecessor-version":[{"id":2531,"href":"https:\/\/kuledoviz.com.tr\/index.php\/wp-json\/wp\/v2\/pages\/249\/revisions\/2531"}],"wp:attachment":[{"href":"https:\/\/kuledoviz.com.tr\/index.php\/wp-json\/wp\/v2\/media?parent=249"}],"curies":[{"name":"wp","href":"https:\/\/api.w.org\/{rel}","templated":true}]}}