{"id":289,"date":"2021-09-17T16:24:21","date_gmt":"2021-09-17T13:24:21","guid":{"rendered":"http:\/\/kuledoviz.com.tr\/?page_id=289"},"modified":"2021-09-20T10:27:25","modified_gmt":"2021-09-20T07:27:25","slug":"kiymetli-maden-tedarik-zinciri-politika-dokumani","status":"publish","type":"page","link":"https:\/\/kuledoviz.com.tr\/index.php\/kiymetli-maden-tedarik-zinciri-politika-dokumani\/","title":{"rendered":"Mevzuat"},"content":{"rendered":"<div id=\"pl-289\"  class=\"panel-layout\" >\n<div id=\"pg-289-0\"  class=\"panel-grid panel-no-style\"  data-style=\"{&quot;background_image_attachment&quot;:false,&quot;background_display&quot;:&quot;tile&quot;,&quot;cell_alignment&quot;:&quot;flex-start&quot;}\"  data-ratio=\"1\"  data-ratio-direction=\"right\" >\n<div id=\"pgc-289-0-0\"  class=\"panel-grid-cell\"  data-weight=\"1\" >\n<div id=\"panel-289-0-0-0\" class=\"so-panel widget widget_text panel-first-child panel-last-child\" data-index=\"0\" data-style=\"{&quot;background&quot;:&quot;#000000&quot;,&quot;background_image_attachment&quot;:false,&quot;background_display&quot;:&quot;tile&quot;,&quot;font_color&quot;:&quot;#ffffff&quot;}\" >\n<div class=\"panel-widget-style panel-widget-style-for-289-0-0-0\" >\n<div class=\"textwidget\">\n<table width=\"875\">\n<tbody>\n<tr>\n<td width=\"875\">B-Su\u00e7 Gelirlerinin Aklanmas\u0131n\u0131n \u00d6nlenmesi Mevzuat\u0131<\/td>\n<\/tr>\n<tr>\n<td>B.1.Kanunlarla Yap\u0131lan D\u00fczenlemeler<\/td>\n<\/tr>\n<tr>\n<td>&#8211;\u00a0 <a href=\"https:\/\/www.mevzuat.gov.tr\/mevzuat?MevzuatNo=5549&amp;MevzuatTur=1&amp;MevzuatTertip=5\">5549 say\u0131l\u0131 Su\u00e7 Gelirlerinin Aklanmas\u0131n\u0131n \u00d6nlenmesi Hakk\u0131nda Kanun<\/a><\/td>\n<\/tr>\n<tr>\n<td>&#8211;\u00a0 <a href=\"https:\/\/www.mevzuat.gov.tr\/mevzuat?MevzuatNo=6415&amp;MevzuatTur=1&amp;MevzuatTertip=5\">6415 say\u0131l\u0131 Ter\u00f6r\u00fcn Finansman\u0131n\u0131n \u00d6nlenmesi Hakk\u0131nda Kanun<\/a><\/td>\n<\/tr>\n<tr>\n<td>&#8211;\u00a0 <a href=\"https:\/\/www.mevzuat.gov.tr\/mevzuat?MevzuatNo=7262&amp;MevzuatTur=1&amp;MevzuatTertip=5\">7262 say\u0131l\u0131 Kitle \u0130mha Silahlar\u0131n\u0131n Yay\u0131lmas\u0131n\u0131n Finansman\u0131n\u0131n \u00d6nlenmesi Hakk\u0131nda Kanun<\/a><\/td>\n<\/tr>\n<tr>\n<td>B.2. Y\u00f6netmeliklerle Yap\u0131lan D\u00fczenlemeler<\/td>\n<\/tr>\n<tr>\n<td>&#8211;\u00a0 <a href=\"https:\/\/www.mevzuat.gov.tr\/mevzuat?MevzuatNo=200713012&amp;MevzuatTur=21&amp;MevzuatTertip=5\">Su\u00e7 Gelirlerinin Aklanmas\u0131n\u0131n ve Ter\u00f6r\u00fcn Finansman\u0131n\u0131n \u00d6nlenmesine Dair Tedbirler Hakk\u0131nda Y\u00f6netmelik<\/a><\/td>\n<\/tr>\n<tr>\n<td>&#8211;\u00a0 <a href=\"https:\/\/www.mevzuat.gov.tr\/mevzuat?MevzuatNo=12426&amp;MevzuatTur=7&amp;MevzuatTertip=5\">Su\u00e7 Gelirlerinin Aklanmas\u0131n\u0131n ve Ter\u00f6r\u00fcn Finansman\u0131n\u0131n \u00d6nlenmesine \u0130li\u015fkin Y\u00fck\u00fcml\u00fcl\u00fcklere Uyum Program\u0131 Hakk\u0131nda Y\u00f6netmelik<\/a><\/td>\n<\/tr>\n<tr>\n<td>&#8211;\u00a0 <a href=\"https:\/\/www.mevzuat.gov.tr\/mevzuat?MevzuatNo=22694&amp;MevzuatTur=7&amp;MevzuatTertip=5\">Su\u00e7 Gelirlerinin Aklanmas\u0131n\u0131n ve Ter\u00f6rizmin Finansman\u0131n\u0131n \u00d6nlenmesi Kapsam\u0131nda \u0130\u015flemlerin Ertelenmesine Dair Y\u00f6netmelik<\/a><\/td>\n<\/tr>\n<tr>\n<td>&#8211;\u00a0 <a href=\"https:\/\/www.mevzuat.gov.tr\/mevzuat?MevzuatNo=18420&amp;MevzuatTur=7&amp;MevzuatTertip=5\">Ter\u00f6rizmin Finansman\u0131n\u0131n \u00d6nlenmesi Hakk\u0131nda Kanunun Uygulamas\u0131na \u0130li\u015fkin Usul ve Esaslar Hakk\u0131nda Y\u00f6netmelik<\/a><\/td>\n<\/tr>\n<tr>\n<td>&#8211;\u00a0 <a href=\"https:\/\/www.mevzuat.gov.tr\/mevzuat?MevzuatNo=200712454&amp;MevzuatTur=3&amp;MevzuatTertip=5\">Aklama Su\u00e7u \u0130ncelemesi Hakk\u0131nda Y\u00f6netmelik<\/a><\/td>\n<\/tr>\n<tr>\n<td>B.3. Tebli\u011flerle Yap\u0131lan D\u00fczenlemeler<\/td>\n<\/tr>\n<tr>\n<td>&#8211;\u00a0 <a href=\"https:\/\/www.mevzuat.gov.tr\/mevzuat?MevzuatNo=11703&amp;MevzuatTur=9&amp;MevzuatTertip=5\">Ter\u00f6r\u00fcn Finansman\u0131na Y\u00f6nelik \u015e\u00fcpheli \u0130\u015flemlerin Bildirimi Genel Tebli\u011fi<\/a><\/td>\n<\/tr>\n<tr>\n<td>&#8211;\u00a0 <a href=\"https:\/\/www.mevzuat.gov.tr\/mevzuat?MevzuatNo=12073&amp;MevzuatTur=9&amp;MevzuatTertip=5\">Mali Su\u00e7lar\u0131 Ara\u015ft\u0131rma Kurulu Genel Tebli\u011fi (S\u0131ra No: 5)<\/a><\/td>\n<\/tr>\n<tr>\n<td>&#8211;\u00a0 <a href=\"https:\/\/ms.hmb.gov.tr\/uploads\/2019\/01\/MASAK-Genel-Tebli%C4%9Fi-S%C4%B1ra-No-7.docx\">Mali Su\u00e7lar\u0131 Ara\u015ft\u0131rma Kurulu Genel Tebli\u011fi (S\u0131ra No: 7)<\/a><\/td>\n<\/tr>\n<tr>\n<td>&#8211;\u00a0 <a href=\"https:\/\/www.mevzuat.gov.tr\/mevzuat?MevzuatNo=13073&amp;MevzuatTur=9&amp;MevzuatTertip=5\">Mali Su\u00e7lar\u0131 Ara\u015ft\u0131rma Kurulu Genel Tebli\u011fi (S\u0131ra No: 8)<\/a><\/td>\n<\/tr>\n<tr>\n<td>&#8211;\u00a0 <a href=\"https:\/\/www.mevzuat.gov.tr\/mevzuat?MevzuatNo=19810&amp;MevzuatTur=9&amp;MevzuatTertip=5\">Mali Su\u00e7lar\u0131 Ara\u015ft\u0131rma Kurulu Genel Tebli\u011fi (S\u0131ra No: 12)<\/a><\/td>\n<\/tr>\n<tr>\n<td>&#8211;\u00a0 <a href=\"https:\/\/www.mevzuat.gov.tr\/mevzuat?MevzuatNo=19995&amp;MevzuatTur=9&amp;MevzuatTertip=5\">Mali Su\u00e7lar\u0131 Ara\u015ft\u0131rma Kurulu Genel Tebli\u011fi (S\u0131ra No: 13)<\/a><\/td>\n<\/tr>\n<tr>\n<td>&#8211;\u00a0 <a href=\"https:\/\/www.mevzuat.gov.tr\/mevzuat?MevzuatNo=38566&amp;MevzuatTur=9&amp;MevzuatTertip=5\">Mali Su\u00e7lar\u0131 Ara\u015ft\u0131rma Kurulu Genel Tebli\u011fi (S\u0131ra No: 19)<\/a><\/td>\n<\/tr>\n<tr>\n<td>B.4. Rehberler<\/td>\n<\/tr>\n<tr>\n<td>&#8211;\u00a0 <a href=\"https:\/\/masak.hmb.gov.tr\/rehberler\">Uyum \u00c7al\u0131\u015fmalar\u0131na Y\u00f6nelik Sekt\u00f6rel Rehberler<\/a><\/td>\n<\/tr>\n<tr>\n<td><\/td>\n<\/tr>\n<tr>\n<td><\/td>\n<\/tr>\n<\/tbody>\n<\/table>\n<\/div><\/div>\n<\/div>\n<\/div>\n<\/div>\n<\/div>\n","protected":false},"excerpt":{"rendered":"<p>B-Su\u00e7 Gelirlerinin Aklanmas\u0131n\u0131n \u00d6nlenmesi Mevzuat\u0131 B.1.Kanunlarla Yap\u0131lan D\u00fczenlemeler &#8211;\u00a0 5549 say\u0131l\u0131 Su\u00e7 Gelirlerinin Aklanmas\u0131n\u0131n \u00d6nlenmesi Hakk\u0131nda Kanun &#8211;\u00a0 6415 say\u0131l\u0131 Ter\u00f6r\u00fcn Finansman\u0131n\u0131n \u00d6nlenmesi Hakk\u0131nda Kanun &#8211;\u00a0 7262 say\u0131l\u0131 Kitle \u0130mha Silahlar\u0131n\u0131n Yay\u0131lmas\u0131n\u0131n Finansman\u0131n\u0131n \u00d6nlenmesi Hakk\u0131nda Kanun B.2. Y\u00f6netmeliklerle Yap\u0131lan D\u00fczenlemeler &#8211;\u00a0 Su\u00e7 Gelirlerinin Aklanmas\u0131n\u0131n ve Ter\u00f6r\u00fcn Finansman\u0131n\u0131n \u00d6nlenmesine Dair Tedbirler [&hellip;]<\/p>\n","protected":false},"author":1,"featured_media":0,"parent":0,"menu_order":0,"comment_status":"closed","ping_status":"closed","template":"page-templates\/template-fullwidth.php","meta":{"footnotes":""},"class_list":["post-289","page","type-page","status-publish","hentry"],"_links":{"self":[{"href":"https:\/\/kuledoviz.com.tr\/index.php\/wp-json\/wp\/v2\/pages\/289","targetHints":{"allow":["GET"]}}],"collection":[{"href":"https:\/\/kuledoviz.com.tr\/index.php\/wp-json\/wp\/v2\/pages"}],"about":[{"href":"https:\/\/kuledoviz.com.tr\/index.php\/wp-json\/wp\/v2\/types\/page"}],"author":[{"embeddable":true,"href":"https:\/\/kuledoviz.com.tr\/index.php\/wp-json\/wp\/v2\/users\/1"}],"replies":[{"embeddable":true,"href":"https:\/\/kuledoviz.com.tr\/index.php\/wp-json\/wp\/v2\/comments?post=289"}],"version-history":[{"count":7,"href":"https:\/\/kuledoviz.com.tr\/index.php\/wp-json\/wp\/v2\/pages\/289\/revisions"}],"predecessor-version":[{"id":301,"href":"https:\/\/kuledoviz.com.tr\/index.php\/wp-json\/wp\/v2\/pages\/289\/revisions\/301"}],"wp:attachment":[{"href":"https:\/\/kuledoviz.com.tr\/index.php\/wp-json\/wp\/v2\/media?parent=289"}],"curies":[{"name":"wp","href":"https:\/\/api.w.org\/{rel}","templated":true}]}}