{"id":64,"date":"2019-06-26T12:42:38","date_gmt":"2019-06-26T09:42:38","guid":{"rendered":"http:\/\/kuledoviz.com.tr\/?page_id=64"},"modified":"2019-06-26T12:42:38","modified_gmt":"2019-06-26T09:42:38","slug":"sahte-para","status":"publish","type":"page","link":"https:\/\/kuledoviz.com.tr\/index.php\/sahte-para\/","title":{"rendered":"Sahte Para"},"content":{"rendered":"<p><strong>EMN\u0130YET \u00d6ZELL\u0130KLER\u0130NDEN YARARLANARAK GER\u00c7EK BANKNOTLARIMIZI SAHTELER\u0130NDEN AYIRT ETME Y\u00d6NTEMLER\u0130<\/strong><span>\u00a0<\/span><\/p>\n<p><span>Her devlet dola\u015f\u0131mda bulunan banknotlar\u0131n\u0131, sahtesinin yap\u0131lmas\u0131nda b\u00fcy\u00fck zorluklar yaratacak \u015fekilde basmaya \u00f6zen g\u00f6sterir. Bu itibarla ger\u00e7ek banknotlar g\u00fcvenli\u011fi sa\u011flay\u0131c\u0131 bir \u00e7ok teknik \u00f6zellikle donanm\u0131\u015ft\u0131r. Deneyimlere g\u00f6re, paran\u0131n sahtesinin yap\u0131lmas\u0131n\u0131 zorla\u015ft\u0131rmay\u0131 sa\u011flayan en iyi yol r\u00f6lyefin en ince ayr\u0131nt\u0131lar\u0131na kadar itinal\u0131 ve kusursuz yap\u0131lmas\u0131n\u0131 sa\u011flamakt\u0131r. \u015eimdiye kadar hi\u00e7 bir kalpazan kusursuz bir taklit yapamam\u0131\u015f, az veya \u00e7ok hatalar\u0131, eksiklikleri g\u00f6r\u00fclm\u00fc\u015ft\u00fcr. Bu nedenle vezne servislerinde \u00e7al\u0131\u015fan say\u0131m memurlar\u0131 ve veznedarlar\u0131m\u0131z\u0131n ger\u00e7ek banknotlar\u0131n ve sahte banknotlar\u0131n temel \u00f6zelliklerini iyice \u00f6\u011frenmeleri gerekir.\u00a0<\/span><\/p>\n<p><span>\u201cSAHTE OLDU\u011eUNDAN \u015e\u00dcPHELEN\u0130LEN PARA HAK\u0130K\u0130S\u0130YLE KAR\u015eILA\u015eTIRILARAK MERCEK-LUP, E\u011eER M\u00dcMK\u00dcNSE B\u0130R B\u00dcY\u00dcTE\u00c7 YARDIMIYLA \u0130NCELENMEL\u0130D\u0130R.\u201d\u00a0<\/span><\/p>\n<p><strong>SAHTE T\u00dcRK L\u0130RASI BANKNOTLARDA BULUNAN \u00d6ZELL\u0130KLER<\/strong><br \/>\n<span>Banknotlar\u0131m\u0131z en ileri derecedeki emniyet unsurlar\u0131 ile donat\u0131lm\u0131\u015f olup, ger\u00e7ek banknotlar\u0131m\u0131z\u0131 sahtelerinden basit kontrollerle a\u015fa\u011f\u0131daki y\u00f6ntemlerle kolayca ay\u0131rt etmek m\u00fcmk\u00fcnd\u00fcr.\u00a0<\/span><\/p>\n<p><strong>1- R\u00d6LYEF (KABARTMA) BASKI :<\/strong><span>\u00a0Rakam yaz\u0131 ve baz\u0131 desenlerde, dokunuldu\u011funda hisedilebilen \u00f6zel r\u00f6lyef (kabartma) bask\u0131 \u00f6ncelikle kontrol edilmelidir. Sahte banknotlarda r\u00f6lyef (kabartma) bask\u0131 yoktur.\u00a0<\/span><\/p>\n<p><strong>2- OPT\u0130K EMN\u0130YET UNSURU:<\/strong><span>\u00a0Banknotun sa\u011f \u00fcst k\u00f6\u015fesinde, de\u011fi\u015fik a\u00e7\u0131lardan bak\u0131ld\u0131\u011f\u0131nda farkl\u0131 renk efektleri veren, \u00f6zel m\u00fcrekkeple bas\u0131lm\u0131\u015f bir motiftir. Sahte banknotlarda bu motif normal m\u00fcrekkeple bas\u0131ld\u0131\u011f\u0131ndan sabit renkli bir g\u00f6r\u00fcn\u00fcm verir.\u00a0<\/span><\/p>\n<p><strong>3- F\u0130L\u0130GRAN:<\/strong><span>\u00a0Banknotun sol taraf\u0131nda filigran bo\u015flu\u011funda bulunan banknot \u00fczerindeki Atat\u00fcrk portresinin daha k\u00fc\u00e7\u00fck boyutlu filigran\u0131 bulunmaktad\u0131r. Banknot \u0131\u015f\u0131\u011fa tutuldu\u011funda g\u00f6r\u00fclebilen filigran, sahte banknotlar\u0131n \u00e7o\u011funda bulunmamakta, baz\u0131 sahtelerde ise d\u0131\u015f y\u00fczden bask\u0131 yap\u0131lmak suretiyle taklit edilmeye \u00e7al\u0131\u015f\u0131lmaktad\u0131r.\u00a0<\/span><\/p>\n<p><strong>4- EMN\u0130YET TEL\u0130:<\/strong><span>\u00a0Banknotun sol yar\u0131s\u0131nda dikey olarak 5mm. aral\u0131klarla dizilmi\u015f, \u00fczerinde \u201cTCMB\u201d harfleri yer alan 4 mm. uzunluktaki g\u00fcm\u00fc\u015fi renkte metalik \u00e7izgilerden olu\u015fan ve \u0131\u015f\u0131\u011fa tutularak bak\u0131ld\u0131\u011f\u0131nda d\u00fcz bir hat \u015feklinde g\u00f6r\u00fclen, g\u00f6zle de kontrol edilebilen \u00f6zel bir emniyet unsurudur. Sahte banknotlarda sadece g\u00fcm\u00fc\u015fi renkteki bask\u0131 yoluyla taklit edilmeye \u00e7al\u0131\u015f\u0131lm\u0131\u015ft\u0131r.\u00a0<\/span><\/p>\n<p><strong>5- B\u00dcT\u00dcNLE\u015e\u0130K G\u00d6R\u00dcNT\u00dc:<\/strong><span>\u00a0Filigran\u0131n sa\u011f taraf\u0131nda, banknot \u0131\u015f\u0131\u011fa tutuldu\u011funda arka y\u00fczdeki me\u015falenin alt ucuyla b\u00fct\u00fcnle\u015fik g\u00f6r\u00fcnt\u00fc olu\u015fturan be\u015fgen motif sahte banknotlarda mevcut de\u011fildir.\u00a0<\/span><\/p>\n<p><strong>6- G\u0130ZL\u0130 G\u00d6R\u00dcNT\u00dc:<\/strong><span>\u00a0Yatay vaziyette g\u00f6z hizas\u0131nda \u0131\u015f\u0131\u011fa do\u011fru tutuldu\u011funda g\u00f6r\u00fclebilen; 100.000, 250.000, 500.000 ve 1.000.000 TL\u2019l\u0131k banknotlar\u0131n \u00f6n y\u00fcz alt band\u0131nda banknotun kup\u00fcr rakam\u0131 ile 5.000.0000 TL.\u2019l\u0131k banknotun T\u00fcrkiye Haritas\u0131 ay-y\u0131ld\u0131z ve 10.000.000 TL\u2019l\u0131k banknotun \u00f6n y\u00fcz sol alt k\u00f6\u015fedeki motif i\u00e7indeki \u201cTC\u201d harflerinin gizli g\u00f6r\u00fcnt\u00fcs\u00fc sadece hakiki banknotta mevcuttur.\u00a0<\/span><\/p>\n<p><strong>7- M\u0130KRO YAZI:<\/strong><span>\u00a0Banknotun hakim renginde bas\u0131lm\u0131\u015f, dalgal\u0131 bir g\u00f6r\u00fcnt\u00fc veren alt alta bas\u0131lm\u0131\u015f mikro yaz\u0131lar ancak b\u00fcy\u00fcte\u00e7 vas\u0131tas\u0131yla ger\u00e7ek banknotlarda g\u00f6r\u00fclebilir.\u00a0<\/span><\/p>\n<p><strong>8- RENKL\u0130 KILCAL L\u0130FLER:<\/strong><span>\u00a0Banknot ka\u011f\u0131d\u0131na imalat s\u0131ras\u0131nda y\u00fckletilmi\u015f, ultraviyole \u0131\u015f\u0131\u011fa duyarl\u0131 k\u0131rm\u0131z\u0131 ve mavi k\u0131lcal lifler, \u00f6zel \u0131\u015f\u0131nl\u0131 banknot kontrol cihaz\u0131 alt\u0131nda ancak ger\u00e7ek banknotlarda g\u00f6r\u00fclebilir.\u00a0<\/span><\/p>\n<p><strong>9- \u00d6ZEL I\u015eI\u011eA DUYARLI SER\u0130 VE SIRA NUMARALARI:<\/strong><span>\u00a0\u00d6zel \u0131\u015f\u0131nl\u0131 banknot kontrol cihaz\u0131 alt\u0131nda fosforlu bir parlakl\u0131kla \u0131\u015f\u0131k yans\u0131mas\u0131 meydana getirir, sahte banknotlarda normal m\u00fcrekkep kullan\u0131ld\u0131\u011f\u0131ndan bu \u00f6zellik bulunmamaktad\u0131r.\u00a0<\/span><\/p>\n<p><strong>10- BANKNOT KA\u011eIDI:<\/strong><span>\u00a0Orijinal banknot ka\u011f\u0131d\u0131 \u00f6zel olarak tamamen pamuk elyaf\u0131ndan imal edilmektedir. Sahte banknotlar piyasan\u0131n kulland\u0131\u011f\u0131 normal ka\u011f\u0131tlarla \u00fcretildi\u011finden, salland\u0131\u011f\u0131nda orijinal banknotun \u00e7\u0131kard\u0131\u011f\u0131 \u00f6zel sesi vermemektedir.\u00a0<\/span><\/p>\n<p><span>Sonu\u00e7 olarak; banknotlar\u0131m\u0131zda bulunan g\u00fcvenlik unsurlar\u0131n\u0131n hi\u00e7 birisi sahte banknotlarda bulunmamaktad\u0131r.<\/span><\/p>\n","protected":false},"excerpt":{"rendered":"<p>EMN\u0130YET \u00d6ZELL\u0130KLER\u0130NDEN YARARLANARAK GER\u00c7EK BANKNOTLARIMIZI SAHTELER\u0130NDEN AYIRT ETME Y\u00d6NTEMLER\u0130\u00a0 Her devlet dola\u015f\u0131mda bulunan banknotlar\u0131n\u0131, sahtesinin yap\u0131lmas\u0131nda b\u00fcy\u00fck zorluklar yaratacak \u015fekilde basmaya \u00f6zen g\u00f6sterir. Bu itibarla ger\u00e7ek banknotlar g\u00fcvenli\u011fi sa\u011flay\u0131c\u0131 bir \u00e7ok teknik \u00f6zellikle donanm\u0131\u015ft\u0131r. Deneyimlere g\u00f6re, paran\u0131n sahtesinin yap\u0131lmas\u0131n\u0131 zorla\u015ft\u0131rmay\u0131 sa\u011flayan en iyi yol r\u00f6lyefin en ince ayr\u0131nt\u0131lar\u0131na kadar itinal\u0131 [&hellip;]<\/p>\n","protected":false},"author":1,"featured_media":0,"parent":0,"menu_order":0,"comment_status":"closed","ping_status":"closed","template":"","meta":{"footnotes":""},"class_list":["post-64","page","type-page","status-publish","hentry"],"_links":{"self":[{"href":"https:\/\/kuledoviz.com.tr\/index.php\/wp-json\/wp\/v2\/pages\/64","targetHints":{"allow":["GET"]}}],"collection":[{"href":"https:\/\/kuledoviz.com.tr\/index.php\/wp-json\/wp\/v2\/pages"}],"about":[{"href":"https:\/\/kuledoviz.com.tr\/index.php\/wp-json\/wp\/v2\/types\/page"}],"author":[{"embeddable":true,"href":"https:\/\/kuledoviz.com.tr\/index.php\/wp-json\/wp\/v2\/users\/1"}],"replies":[{"embeddable":true,"href":"https:\/\/kuledoviz.com.tr\/index.php\/wp-json\/wp\/v2\/comments?post=64"}],"version-history":[{"count":1,"href":"https:\/\/kuledoviz.com.tr\/index.php\/wp-json\/wp\/v2\/pages\/64\/revisions"}],"predecessor-version":[{"id":65,"href":"https:\/\/kuledoviz.com.tr\/index.php\/wp-json\/wp\/v2\/pages\/64\/revisions\/65"}],"wp:attachment":[{"href":"https:\/\/kuledoviz.com.tr\/index.php\/wp-json\/wp\/v2\/media?parent=64"}],"curies":[{"name":"wp","href":"https:\/\/api.w.org\/{rel}","templated":true}]}}